{"id":24224,"date":"2023-01-20T11:23:20","date_gmt":"2023-01-20T03:23:20","guid":{"rendered":"https:\/\/www.scecl.com\/?post_type=product&#038;p=24224"},"modified":"2023-01-20T11:23:45","modified_gmt":"2023-01-20T03:23:45","slug":"uni-t%e6%95%b8%e5%ad%97%e5%a4%9a%e5%8a%9f%e8%83%bd%e9%9b%bb%e6%b0%a3%e5%ae%89%e5%85%a8%e7%b6%9c%e5%90%88%e6%b8%ac%e8%a9%a6%e5%84%80ut595","status":"publish","type":"product","link":"https:\/\/www.scecl.com\/en\/product\/uni-t%e6%95%b8%e5%ad%97%e5%a4%9a%e5%8a%9f%e8%83%bd%e9%9b%bb%e6%b0%a3%e5%ae%89%e5%85%a8%e7%b6%9c%e5%90%88%e6%b8%ac%e8%a9%a6%e5%84%80ut595\/","title":{"rendered":"UNI-T\u6578\u5b57\u591a\u529f\u80fd\u96fb\u6c23\u5b89\u5168\u7d9c\u5408\u6e2c\u8a66\u5100UT595"},"content":{"rendered":"<p><img decoding=\"async\" class=\"alignnone wp-image-5875\" src=\"https:\/\/www.scecl.com\/wp-content\/uploads\/2022\/06\/LOGO.jpg\" alt=\"\" width=\"166\" height=\"65\" \/><\/p>\n<h2><strong>Specifications<\/strong><\/h2>\n<table border=\"0\" width=\"726\" cellspacing=\"0\" cellpadding=\"0\">\n<tbody>\n<tr>\n<td rowspan=\"5\" height=\"95\">Insulation resistance (\u03a9)<\/td>\n<td>Output voltage<\/td>\n<td>250V\/500V\/1000V<\/td>\n<td>\u00b110%<\/td>\n<\/tr>\n<tr>\n<td height=\"19\">250V<\/td>\n<td>0.05M\u03a9\uff5e250M\u03a9<\/td>\n<td rowspan=\"3\">\u00b1(5%+5)<\/td>\n<\/tr>\n<tr>\n<td height=\"19\">500V<\/td>\n<td>0.05M\u03a9\uff5e500M\u03a9<\/td>\n<\/tr>\n<tr>\n<td height=\"19\">1000V<\/td>\n<td>0.05M\u03a9\uff5e1000M\u03a9<\/td>\n<\/tr>\n<tr>\n<td height=\"19\">Short-circuit current<\/td>\n<td><\/td>\n<td>&lt;2mA<\/td>\n<\/tr>\n<tr>\n<td rowspan=\"2\" height=\"38\">Low-resistance continuity test<\/td>\n<td>Range<\/td>\n<td>0.00\u03a9\uff5e199\u03a9<\/td>\n<td>\u00b1(2%+5)<\/td>\n<\/tr>\n<tr>\n<td height=\"19\">Test current<\/td>\n<td>0.00\uff5e2\u03a9: &gt;200mA<\/td>\n<td>\u221a<\/td>\n<\/tr>\n<tr>\n<td rowspan=\"4\" height=\"76\">Line impedance (\u03a9)<\/td>\n<td>Range<\/td>\n<td>0.01\u03a9\uff5e2000\u03a9<\/td>\n<td>\u00b1(5%+5)<\/td>\n<\/tr>\n<tr>\n<td height=\"19\">Operating voltage (Frequency)<\/td>\n<td>195V\uff5e440V (45Hz\uff5e65Hz)<\/td>\n<td>\u221a<\/td>\n<\/tr>\n<tr>\n<td height=\"19\">Test current<\/td>\n<td>20A<\/td>\n<td>\u221a<\/td>\n<\/tr>\n<tr>\n<td height=\"19\">PFC test<\/td>\n<td>0kA\uff5e26kA<\/td>\n<td>\u221a<\/td>\n<\/tr>\n<tr>\n<td rowspan=\"4\" height=\"77\">Loop impedance (\u03a9)<\/td>\n<td>Range<\/td>\n<td>0.01\u03a9\uff5e2000\u03a9<\/td>\n<td>\u00b1(5%+5)<\/td>\n<\/tr>\n<tr>\n<td height=\"19\">Operating voltage (Frequency)<\/td>\n<td>195V\uff5e253V (45Hz\uff5e65Hz)<\/td>\n<td>\u221a<\/td>\n<\/tr>\n<tr>\n<td height=\"19\">Test current<\/td>\n<td>20A<\/td>\n<td>\u221a<\/td>\n<\/tr>\n<tr>\n<td height=\"20\">PFC test<\/td>\n<td>0kA\uff5e26kA<\/td>\n<td>\u221a<\/td>\n<\/tr>\n<tr>\n<td rowspan=\"4\" height=\"76\">Non-trip loop impedance (\u03a9)<\/td>\n<td>Range<\/td>\n<td>1.00\u03a9\uff5e2000\u03a9<\/td>\n<td>\u00b1(5%+5)<\/td>\n<\/tr>\n<tr>\n<td height=\"19\">Operating voltage (Frequency)<\/td>\n<td>195V\uff5e253V (45Hz\uff5e65Hz)<\/td>\n<td>\u221a<\/td>\n<\/tr>\n<tr>\n<td height=\"19\">Test current<\/td>\n<td>15mA<\/td>\n<td>\u221a<\/td>\n<\/tr>\n<tr>\n<td height=\"19\">PFC test<\/td>\n<td>0kA\uff5e26kA<\/td>\n<td>\u221a<\/td>\n<\/tr>\n<tr>\n<td rowspan=\"8\" height=\"153\">RCD test<\/td>\n<td>Operating voltage (Frequency)<\/td>\n<td>195V\uff5e253V (45Hz\uff5e65Hz)<\/td>\n<td>\u221a<\/td>\n<\/tr>\n<tr>\n<td height=\"19\">Test current<\/td>\n<td>10mA\/30mA\/100mA\/300mA\/500mA<\/td>\n<td>\u00b110%<\/td>\n<\/tr>\n<tr>\n<td rowspan=\"6\" height=\"115\">Trip time<\/td>\n<td>\u00d71\/2 *I\u25b3n\u00a0 Range: 0ms\uff5e2000ms<\/td>\n<td rowspan=\"3\">\u00b1(5%+5)<\/td>\n<\/tr>\n<tr>\n<td height=\"19\">\u00d71 *I\u25b3n\u00a0 Range: 0ms\uff5e300ms<\/td>\n<\/tr>\n<tr>\n<td height=\"19\">\u00d71 *I\u25b3n\u00a0 Range: 0ms\uff5e500ms (Select count down)<\/td>\n<\/tr>\n<tr>\n<td height=\"20\">\u00d72 *I\u25b3n\u00a0 Range: 0ms\uff5e150ms<\/td>\n<td>\u00b1(5%+5)<\/td>\n<\/tr>\n<tr>\n<td height=\"19\">\u00d72 *I\u25b3n \u00a0Range: 0ms\uff5e200ms (Select count down)<\/td>\n<td>\u00b1(5%+5)<\/td>\n<\/tr>\n<tr>\n<td height=\"19\">\u00d75 *I\u25b3n \u00a0Range: 0ms\uff5e40ms<\/td>\n<td>\u00b1(5%+5)<\/td>\n<\/tr>\n<tr>\n<td rowspan=\"2\" height=\"38\">Phase sequence test<\/td>\n<td>Operating voltage (Frequency)<\/td>\n<td>100V\uff5e440V \u00a0(45Hz\uff5e65Hz)<\/td>\n<td>\u221a<\/td>\n<\/tr>\n<tr>\n<td height=\"19\">Display<\/td>\n<td>Phase sequence: L1\u2192 L2\u2192 L3, forward rotation; L1\u2192 L3\u2192 L2 reverse rotation<\/td>\n<td>\u221a<\/td>\n<\/tr>\n<tr>\n<td height=\"19\">Ramp RCD test<\/td>\n<td>Test current<\/td>\n<td>10mA\/30mA\/100mA\/300mA\/500mA<\/td>\n<td>\u00b110%<\/td>\n<\/tr>\n<tr>\n<td rowspan=\"3\" height=\"57\">AC voltage (V)<\/td>\n<td>Range<\/td>\n<td>0V\uff5e440V<\/td>\n<td>\u00b1(5%+2)<\/td>\n<\/tr>\n<tr>\n<td height=\"19\">Frequency response<\/td>\n<td>45Hz\uff5e60Hz<\/td>\n<td>\u221a<\/td>\n<\/tr>\n<tr>\n<td height=\"19\">Resolution<\/td>\n<td>1V<\/td>\n<td>\u221a<\/td>\n<\/tr>\n<tr>\n<td colspan=\"4\" height=\"20\"><strong>Features<\/strong><\/td>\n<\/tr>\n<tr>\n<td height=\"19\">Display count<\/td>\n<td colspan=\"2\"><\/td>\n<td>9999<\/td>\n<\/tr>\n<tr>\n<td height=\"19\">Auto power off<\/td>\n<td colspan=\"2\"><\/td>\n<td>\u221a<\/td>\n<\/tr>\n<tr>\n<td height=\"19\">Low battery indication<\/td>\n<td colspan=\"2\"><\/td>\n<td>\u221a<\/td>\n<\/tr>\n<tr>\n<td height=\"20\">Data storage<\/td>\n<td colspan=\"2\"><\/td>\n<td>\u221a<\/td>\n<\/tr>\n<tr>\n<td height=\"19\">LCD backlight<\/td>\n<td colspan=\"2\"><\/td>\n<td>\u221a<\/td>\n<\/tr>\n<tr>\n<td height=\"19\">Auto half-wave test<\/td>\n<td colspan=\"2\"><\/td>\n<td>\u221a<\/td>\n<\/tr>\n<tr>\n<td height=\"19\">RCD count down test<\/td>\n<td colspan=\"2\">30s<\/td>\n<td>\u221a<\/td>\n<\/tr>\n<tr>\n<td height=\"19\">RCD half-wave test<\/td>\n<td colspan=\"2\"><\/td>\n<td>\u221a<\/td>\n<\/tr>\n<tr>\n<td height=\"19\">Phase conversion (RCD)<\/td>\n<td colspan=\"2\">0\u00b0 and 180\u00b0<\/td>\n<td>\u221a<\/td>\n<\/tr>\n<tr>\n<td colspan=\"4\" height=\"20\"><strong>General Characteristics<\/strong><\/td>\n<\/tr>\n<tr>\n<td height=\"20\">Power<\/td>\n<td colspan=\"3\">1.5V battery (5#) \u00d7 6<\/td>\n<\/tr>\n<tr>\n<td height=\"19\">LCD size<\/td>\n<td colspan=\"3\">125mm \u00d7 37mm<\/td>\n<\/tr>\n<tr>\n<td height=\"19\">Product color<\/td>\n<td colspan=\"3\">Red and grey<\/td>\n<\/tr>\n<tr>\n<td height=\"19\">Product net weight<\/td>\n<td colspan=\"3\">1000g<\/td>\n<\/tr>\n<tr>\n<td height=\"19\">Product size<\/td>\n<td colspan=\"3\">210mm \u00d7 175mm \u00d7\u00a090 mm<\/td>\n<\/tr>\n<tr>\n<td height=\"19\">Standard accessories<\/td>\n<td colspan=\"3\">Battery, test leads (red\u00d71, green\u00d71, black\u00d71), special power test lead, remote-control test lead<\/td>\n<\/tr>\n<tr>\n<td height=\"19\">Standard individual packing<\/td>\n<td colspan=\"3\">Gift box, manual, tool box<\/td>\n<\/tr>\n<tr>\n<td height=\"19\">Standard quantity per carton<\/td>\n<td colspan=\"3\">4pcs<\/td>\n<\/tr>\n<tr>\n<td height=\"19\">Standard carton measurement<\/td>\n<td colspan=\"3\">510mm\u00d7330mm\u00d7300mm<\/td>\n<\/tr>\n<tr>\n<td height=\"19\">Standard carton gross weight<\/td>\n<td colspan=\"3\">15kg<\/td>\n<\/tr>\n<\/tbody>\n<\/table>","protected":false},"excerpt":{"rendered":"<ul>\n<li>9999-count LCD display with analogue bar<\/li>\n<li>250V~1000V DC insulation resistance test<\/li>\n<li>200mA earth-resistance continuity test<\/li>\n<li>Loop impedance\/Prospective Fault Current (PFC)\/Prospective Short Current (PSC) test<\/li>\n<li>Lock test<\/li>\n<li>RCD trip time test and the data storage with one key<\/li>\n<li>Full\/Half wave and count downing (30s) test mode selectable<\/li>\n<li>0\u00b0\/180\u00b0 phase angle option to detect the fastest trigger time<\/li>\n<li>Trip current test of RCD trip time X2<\/li>\n<li>RCD trip trigger current test<\/li>\n<li>Phase sequence and missing test<\/li>\n<li>AC\/DC voltage auto check and test<\/li>\n<li>Connection check with status real-time display<\/li>\n<li>White backlight; auto power off<\/li>\n<\/ul>","protected":false},"featured_media":18654,"template":"","meta":[],"product_cat":[205],"product_tag":[134],"class_list":{"0":"post-24224","1":"product","2":"type-product","3":"status-publish","4":"has-post-thumbnail","6":"product_cat-205","7":"product_tag-uni-t","9":"first","10":"instock","11":"shipping-taxable","12":"purchasable","13":"product-type-simple"},"_links":{"self":[{"href":"https:\/\/www.scecl.com\/en\/wp-json\/wp\/v2\/product\/24224","targetHints":{"allow":["GET"]}}],"collection":[{"href":"https:\/\/www.scecl.com\/en\/wp-json\/wp\/v2\/product"}],"about":[{"href":"https:\/\/www.scecl.com\/en\/wp-json\/wp\/v2\/types\/product"}],"version-history":[{"count":1,"href":"https:\/\/www.scecl.com\/en\/wp-json\/wp\/v2\/product\/24224\/revisions"}],"predecessor-version":[{"id":24277,"href":"https:\/\/www.scecl.com\/en\/wp-json\/wp\/v2\/product\/24224\/revisions\/24277"}],"wp:featuredmedia":[{"embeddable":true,"href":"https:\/\/www.scecl.com\/en\/wp-json\/wp\/v2\/media\/18654"}],"wp:attachment":[{"href":"https:\/\/www.scecl.com\/en\/wp-json\/wp\/v2\/media?parent=24224"}],"wp:term":[{"taxonomy":"product_cat","embeddable":true,"href":"https:\/\/www.scecl.com\/en\/wp-json\/wp\/v2\/product_cat?post=24224"},{"taxonomy":"product_tag","embeddable":true,"href":"https:\/\/www.scecl.com\/en\/wp-json\/wp\/v2\/product_tag?post=24224"}],"curies":[{"name":"wp","href":"https:\/\/api.w.org\/{rel}","templated":true}]}}