{"id":24265,"date":"2023-01-20T11:23:43","date_gmt":"2023-01-20T03:23:43","guid":{"rendered":"https:\/\/www.scecl.com\/?post_type=product&#038;p=24265"},"modified":"2023-01-20T11:24:02","modified_gmt":"2023-01-20T03:24:02","slug":"uni-t%e5%ad%98%e5%84%b2%e7%a4%ba%e6%b3%a2%e5%99%a8utd-2102cex","status":"publish","type":"product","link":"https:\/\/www.scecl.com\/en\/product\/uni-t%e5%ad%98%e5%84%b2%e7%a4%ba%e6%b3%a2%e5%99%a8utd-2102cex\/","title":{"rendered":"UNI-T\u5b58\u5132\u793a\u6ce2\u5668UTD-2102CEX+"},"content":{"rendered":"<p><img decoding=\"async\" class=\"alignnone wp-image-5875\" src=\"https:\/\/www.scecl.com\/wp-content\/uploads\/2022\/06\/LOGO.jpg\" alt=\"\" width=\"166\" height=\"65\" \/><\/p>\n<h2><strong>Specifications<\/strong><\/h2>\n<table style=\"height: 1097px\" width=\"296\">\n<tbody>\n<tr>\n<td width=\"59\">Channels<\/td>\n<td colspan=\"3\" width=\"177\">2<\/td>\n<\/tr>\n<tr>\n<td width=\"59\">Bandwidth<\/td>\n<td colspan=\"3\" width=\"177\">100MHz<\/td>\n<\/tr>\n<tr>\n<td width=\"59\">Sample Rate<\/td>\n<td colspan=\"3\" width=\"177\">1GS\/s<\/td>\n<\/tr>\n<tr>\n<td width=\"59\">Rise Time<\/td>\n<td colspan=\"3\" width=\"177\">\u22643.5ns<\/td>\n<\/tr>\n<tr>\n<td width=\"59\">Memory Depth<\/td>\n<td colspan=\"3\" width=\"177\">25kpts<\/td>\n<\/tr>\n<tr>\n<td width=\"59\">Waveform Acquisition Rate<\/td>\n<td colspan=\"3\" width=\"177\">\u22652000wfms\/s<\/td>\n<\/tr>\n<tr>\n<td width=\"59\">Vertical Sensitivity (V\/div)<\/td>\n<td colspan=\"3\" width=\"177\">1mV\/div~20V\/div<\/td>\n<\/tr>\n<tr>\n<td width=\"59\">Timebase Range (s\/div)<\/td>\n<td colspan=\"3\" width=\"177\">2ns\/div~50s\/div<\/td>\n<\/tr>\n<tr>\n<td width=\"59\">Storage<\/td>\n<td colspan=\"3\" width=\"177\">Setup, Wave, Bitmap<\/td>\n<\/tr>\n<tr>\n<td width=\"59\">Trigger Modes<\/td>\n<td colspan=\"3\" width=\"177\">Edge, Pluse, Video, Slope, Alternate<\/td>\n<\/tr>\n<tr>\n<td width=\"59\">Interface<\/td>\n<td colspan=\"3\" width=\"177\">USB OTG<\/td>\n<\/tr>\n<tr>\n<td colspan=\"4\" width=\"236\">General Characteristics<\/td>\n<\/tr>\n<tr>\n<td width=\"59\">Power<\/td>\n<td colspan=\"3\" width=\"177\">100-240VAC, 45-440Hz<\/td>\n<\/tr>\n<tr>\n<td width=\"59\">Display<\/td>\n<td colspan=\"3\" width=\"177\">7 inches 64k Color TFT LCD, 800\u00d7480<\/td>\n<\/tr>\n<tr>\n<td width=\"59\">Product Color<\/td>\n<td colspan=\"3\" width=\"177\">White and grey<\/td>\n<\/tr>\n<tr>\n<td width=\"59\">Product Net Weight<\/td>\n<td colspan=\"3\" width=\"177\">2.2kg<\/td>\n<\/tr>\n<tr>\n<td width=\"59\">Product Size (W\u00d7H\u00d7D)<\/td>\n<td colspan=\"3\" width=\"177\">306mm \u00d7147mm \u00d7 122mm<\/td>\n<\/tr>\n<tr>\n<td width=\"59\">Standard Accessories<\/td>\n<td colspan=\"3\" width=\"177\">Probe\u00d72 (1\u00d7,10\u00d7 switchable), Power Cord, USB Cable, PC Software CD<\/td>\n<\/tr>\n<tr>\n<td width=\"59\">Standard Individual Packing<\/td>\n<td colspan=\"3\" width=\"177\">Gift Box, English Manual<\/td>\n<\/tr>\n<\/tbody>\n<\/table>","protected":false},"excerpt":{"rendered":"<ul>\n<li>100MHz Bandwidth<\/li>\n<li>1GS\/s Sampling rate<\/li>\n<li>Dual Channels<\/li>\n<li>Large 7\u201d Colour TFT LCD display (800 x 480 resolution)<\/li>\n<li>Automatic measurements of 28 waveforms<\/li>\n<li>Vertical Sensitivity: 1mV\/div &#8211; 20V\/div<\/li>\n<li>Timebase Range: 2ns\/div &#8211; 50s\/div<\/li>\n<li>Popup menu for utilizing 14 horizontal divisions<\/li>\n<li>Print screen and USB waveform storage<\/li>\n<li>Memory depth: 25kpts<\/li>\n<li>Multi-language user interface including French and Spanish<\/li>\n<li>Two x10\/x1 Switchable Probes, USB Cable, PC software &amp; manual CD, AC Power cord included<\/li>\n<\/ul>","protected":false},"featured_media":18771,"template":"","meta":[],"product_cat":[205],"product_tag":[134],"class_list":{"0":"post-24265","1":"product","2":"type-product","3":"status-publish","4":"has-post-thumbnail","6":"product_cat-205","7":"product_tag-uni-t","9":"first","10":"instock","11":"shipping-taxable","12":"purchasable","13":"product-type-simple"},"_links":{"self":[{"href":"https:\/\/www.scecl.com\/en\/wp-json\/wp\/v2\/product\/24265","targetHints":{"allow":["GET"]}}],"collection":[{"href":"https:\/\/www.scecl.com\/en\/wp-json\/wp\/v2\/product"}],"about":[{"href":"https:\/\/www.scecl.com\/en\/wp-json\/wp\/v2\/types\/product"}],"version-history":[{"count":1,"href":"https:\/\/www.scecl.com\/en\/wp-json\/wp\/v2\/product\/24265\/revisions"}],"predecessor-version":[{"id":24295,"href":"https:\/\/www.scecl.com\/en\/wp-json\/wp\/v2\/product\/24265\/revisions\/24295"}],"wp:featuredmedia":[{"embeddable":true,"href":"https:\/\/www.scecl.com\/en\/wp-json\/wp\/v2\/media\/18771"}],"wp:attachment":[{"href":"https:\/\/www.scecl.com\/en\/wp-json\/wp\/v2\/media?parent=24265"}],"wp:term":[{"taxonomy":"product_cat","embeddable":true,"href":"https:\/\/www.scecl.com\/en\/wp-json\/wp\/v2\/product_cat?post=24265"},{"taxonomy":"product_tag","embeddable":true,"href":"https:\/\/www.scecl.com\/en\/wp-json\/wp\/v2\/product_tag?post=24265"}],"curies":[{"name":"wp","href":"https:\/\/api.w.org\/{rel}","templated":true}]}}