{"id":24454,"date":"2023-01-20T11:25:18","date_gmt":"2023-01-20T03:25:18","guid":{"rendered":"https:\/\/www.scecl.com\/?post_type=product&#038;p=24454"},"modified":"2023-01-20T11:25:36","modified_gmt":"2023-01-20T03:25:36","slug":"proskit2%e5%90%881%e5%90%b9%e7%84%8a%e7%83%99%e9%90%b5%e7%b5%84ss-989h-2","status":"publish","type":"product","link":"https:\/\/www.scecl.com\/en\/product\/proskit2%e5%90%881%e5%90%b9%e7%84%8a%e7%83%99%e9%90%b5%e7%b5%84ss-989h-2\/","title":{"rendered":"Pro&#8217;sKit2\u54081\u5439\u710a\u70d9\u9435\u7d44SS-989H"},"content":{"rendered":"<p><iframe title=\"\u77e5\u540d\u54c1\u724c\u5bf6\u5de5\/\u5b9d\u5de5 Pro&#039;sKit- SS-989 -2 in 1 SMD Hot Air Rework Station\" width=\"500\" height=\"281\" src=\"https:\/\/www.youtube.com\/embed\/VeFs0vCW31Y?feature=oembed\" frameborder=\"0\" allow=\"accelerometer; autoplay; clipboard-write; encrypted-media; gyroscope; picture-in-picture; web-share\" referrerpolicy=\"strict-origin-when-cross-origin\" allowfullscreen><\/iframe><\/p>\n<p><code><img decoding=\"async\" class=\"aligncenter\" src=\"https:\/\/ref.prokits.com.tw\/MallPic\/SS-989B\/en-US\/202202151013165801.jpg\" \/><\/code><\/p>\n<p><img decoding=\"async\" class=\"aligncenter\" src=\"https:\/\/ref.prokits.com.tw\/MallPic\/SS-989B\/en-US\/202202151013165803.jpg\" \/><\/p>\n<p><img decoding=\"async\" class=\"aligncenter\" src=\"https:\/\/ref.prokits.com.tw\/MallPic\/SS-989B\/en-US\/202202151013165804.jpg\" \/><\/p>\n<p><img decoding=\"async\" class=\"aligncenter\" src=\"https:\/\/ref.prokits.com.tw\/MallPic\/SS-989B\/en-US\/202202151013165805.jpg\" \/><\/p>\n<p><img decoding=\"async\" class=\"aligncenter\" src=\"https:\/\/ref.prokits.com.tw\/MallPic\/SS-989B\/en-US\/202202151013165806.jpg\" \/><\/p>\n<p><img decoding=\"async\" class=\"aligncenter\" src=\"https:\/\/ref.prokits.com.tw\/MallPic\/SS-989B\/en-US\/202202151013165807.jpg\" \/><\/p>\n<p><img decoding=\"async\" class=\"aligncenter\" src=\"https:\/\/ref.prokits.com.tw\/MallPic\/SS-989B\/en-US\/202202151013165808.jpg\" \/><\/p>\n<p><img decoding=\"async\" class=\"aligncenter\" src=\"https:\/\/ref.prokits.com.tw\/MallPic\/SS-989B\/en-US\/202202151013165809.jpg\" \/><\/p>\n<p><img decoding=\"async\" class=\"aligncenter\" src=\"https:\/\/ref.prokits.com.tw\/MallPic\/SS-989B\/en-US\/2022021510131658011.jpg\" \/><\/p>\n<p><img decoding=\"async\" class=\"aligncenter\" src=\"https:\/\/ref.prokits.com.tw\/MallPic\/SS-989B\/en-US\/2022021510131658012.jpg\" \/><\/p>\n<p><img decoding=\"async\" class=\"aligncenter\" src=\"https:\/\/ref.prokits.com.tw\/MallPic\/SS-989B\/en-US\/2022021510131658013.jpg\" \/><\/p>\n<p><img decoding=\"async\" class=\"aligncenter\" src=\"https:\/\/ref.prokits.com.tw\/MallPic\/SS-989B\/en-US\/2022021510131658014.jpg\" \/><\/p>\n<p><img decoding=\"async\" class=\"aligncenter\" src=\"https:\/\/ref.prokits.com.tw\/MallPic\/SS-989B\/en-US\/2022021510131658015.jpg\" \/><\/p>\n<p><img decoding=\"async\" class=\"aligncenter\" src=\"https:\/\/ref.prokits.com.tw\/MallPic\/SS-989B\/en-US\/2022021510131658016.jpg\" \/><\/p>\n<p><img decoding=\"async\" class=\"aligncenter\" src=\"https:\/\/ref.prokits.com.tw\/MallPic\/SS-989B\/en-US\/2022021510131658017.jpg\" \/><\/p>\n<p><img decoding=\"async\" class=\"aligncenter\" src=\"https:\/\/ref.prokits.com.tw\/MallPic\/SS-989B\/en-US\/2022021510131658018.jpg\" \/><\/p>\n<p><img decoding=\"async\" class=\"aligncenter\" src=\"https:\/\/ref.prokits.com.tw\/MallPic\/SS-989B\/en-US\/2022021510131658019.jpg\" \/><\/p>\n<p><img decoding=\"async\" src=\"https:\/\/cdn.prokits.com.tw\/images\/PKWeb\/logo\/prokits-logo.png\" \/><\/p>\n<h2><strong>Specifications<\/strong><\/h2>\n<table class=\"table table-bordered table-striped\">\n<tbody>\n<tr>\n<td>Power Consumption<\/td>\n<td colspan=\"4\">700W<\/td>\n<\/tr>\n<tr>\n<td>Soldering Power<\/td>\n<td colspan=\"4\">60W<\/td>\n<\/tr>\n<tr>\n<td>Soldering Iron Temperature Range<\/td>\n<td colspan=\"4\">200\u02daC ~ 480\u02daC (392\u02daF ~ 896\u02daF)<\/td>\n<\/tr>\n<tr>\n<td>Hot Air Temperature Range<\/td>\n<td colspan=\"4\">Room temperature ~ 480\u02daC ( 896\u02daF)<\/td>\n<\/tr>\n<tr>\n<td>Soldering Iron Heating Element<\/td>\n<td colspan=\"4\">Alumina Ceramic<\/td>\n<\/tr>\n<tr>\n<td>Hot Air Heating Element<\/td>\n<td colspan=\"4\">Metal Heating Core<\/td>\n<\/tr>\n<tr>\n<td>Pump\/Motor Type<\/td>\n<td colspan=\"4\">Diaphragm Pump<\/td>\n<\/tr>\n<tr>\n<td>Air Capacity<\/td>\n<td colspan=\"4\">24L\/min (max)<\/td>\n<\/tr>\n<tr>\n<td>Equipment noise<\/td>\n<td colspan=\"4\">45dB<\/td>\n<\/tr>\n<tr>\n<td>Temperature Display<\/td>\n<td colspan=\"4\">LED<\/td>\n<\/tr>\n<tr>\n<td>Power Input<\/td>\n<td colspan=\"2\" rowspan=\"1\">AC 110V~120V<\/p>\n<p>60Hz<\/td>\n<td>AC 220V~240V<\/p>\n<p>50Hz<\/td>\n<td>AC220V~240V<\/p>\n<p>50Hz<\/td>\n<\/tr>\n<tr>\n<td>Standard Plug<\/td>\n<td colspan=\"2\" rowspan=\"1\"><img decoding=\"async\" src=\"http:\/\/pkresource.prokits.com.tw\/Icons\/2013042315490205313.jpg\" \/><\/td>\n<td><img decoding=\"async\" src=\"http:\/\/pkresource.prokits.com.tw\/Icons\/201304231546016434.jpg\" \/><\/td>\n<td><img decoding=\"async\" src=\"http:\/\/pkresource.prokits.com.tw\/Icons\/2013042315525705820.jpg\" \/><\/td>\n<\/tr>\n<tr>\n<td>Dimensions<\/td>\n<td colspan=\"4\">255(L)x190(W)x140(H)mm<\/td>\n<\/tr>\n<tr>\n<td>Weight<\/td>\n<td colspan=\"4\">4200 g (w\/ hot air gun)<\/td>\n<\/tr>\n<tr>\n<td rowspan=\"2\">Accessories<\/td>\n<td colspan=\"2\" rowspan=\"1\">Hot Air Gun<br \/>\nAC110~120Vx1pcs<\/p>\n<p>9SS-900NE-HG<\/td>\n<td>Hot Air Gun<br \/>\nAC220~240Vx1pcs<\/p>\n<p>9SS-900NB-HG<\/td>\n<td>Hot Air Gun<br \/>\nAC 220~240Vx1pcs<\/p>\n<p>9SS-900NB-HG<\/td>\n<\/tr>\n<tr>\n<td colspan=\"4\">Soldering Iron (AC 24V\/60W) 9SS-900N-SI x 1pcs, Soldering Stand x 1pcs, Nozzle 9SS-900-A1 (\u00d82.3mm) x 1pcs, Nozzle 9SS-900-A2 (\u00d86.4mm) x 1pcs, Nozzle 9SS-900-A3 (\u00d88.8mm) x 1pcs<\/td>\n<\/tr>\n<\/tbody>\n<\/table>","protected":false},"excerpt":{"rendered":"<ul>\n<li>Accurate temperature control<\/li>\n<li>Certified international safety standard<\/li>\n<li>High Power, Fast Warm Up &amp; Energy Saving<\/li>\n<li>Interchangeable and applicable to most of branded hot air nozzles and tips<\/li>\n<li>Auto Cool-Off Process to prolong the service lifetime<\/li>\n<li>After power switch is turned off, the auto cool-off process leaves the blower on until the nozzle is cool.<\/li>\n<\/ul>","protected":false},"featured_media":14569,"template":"","meta":[],"product_cat":[185],"product_tag":[156],"class_list":{"0":"post-24454","1":"product","2":"type-product","3":"status-publish","4":"has-post-thumbnail","6":"product_cat-185","7":"product_tag-proskti","9":"first","10":"instock","11":"shipping-taxable","12":"purchasable","13":"product-type-simple"},"_links":{"self":[{"href":"https:\/\/www.scecl.com\/en\/wp-json\/wp\/v2\/product\/24454","targetHints":{"allow":["GET"]}}],"collection":[{"href":"https:\/\/www.scecl.com\/en\/wp-json\/wp\/v2\/product"}],"about":[{"href":"https:\/\/www.scecl.com\/en\/wp-json\/wp\/v2\/types\/product"}],"version-history":[{"count":1,"href":"https:\/\/www.scecl.com\/en\/wp-json\/wp\/v2\/product\/24454\/revisions"}],"predecessor-version":[{"id":24484,"href":"https:\/\/www.scecl.com\/en\/wp-json\/wp\/v2\/product\/24454\/revisions\/24484"}],"wp:featuredmedia":[{"embeddable":true,"href":"https:\/\/www.scecl.com\/en\/wp-json\/wp\/v2\/media\/14569"}],"wp:attachment":[{"href":"https:\/\/www.scecl.com\/en\/wp-json\/wp\/v2\/media?parent=24454"}],"wp:term":[{"taxonomy":"product_cat","embeddable":true,"href":"https:\/\/www.scecl.com\/en\/wp-json\/wp\/v2\/product_cat?post=24454"},{"taxonomy":"product_tag","embeddable":true,"href":"https:\/\/www.scecl.com\/en\/wp-json\/wp\/v2\/product_tag?post=24454"}],"curies":[{"name":"wp","href":"https:\/\/api.w.org\/{rel}","templated":true}]}}