{"id":25310,"date":"2023-01-20T11:32:22","date_gmt":"2023-01-20T03:32:22","guid":{"rendered":"https:\/\/www.scecl.com\/?post_type=product&#038;p=25310"},"modified":"2023-01-20T11:32:33","modified_gmt":"2023-01-20T03:32:33","slug":"tv%e6%8e%9b%e7%89%86%e6%9e%b6sy-f600","status":"publish","type":"product","link":"https:\/\/www.scecl.com\/en\/product\/tv%e6%8e%9b%e7%89%86%e6%9e%b6sy-f600\/","title":{"rendered":"TV\u639b\u7246\u67b6SY-F600"},"content":{"rendered":"<p>&nbsp;<\/p>\n<p>\u53ef\u4ee5\u5f88\u5bb9\u6613\u5730\u9032\u884c\u8abf\u6574\u548c\u5b89\u88dd\u8fc5\u901f\uff0c\u5177\u6709\u5b89\u5168\u548c\u826f\u597d\u7684\u5be9\u7f8e\u5916\u89c0\u3002 \u548c\u5b89\u88dd\u786c\u4ef6\u63d0\u4f9b\u3002<\/p>\n<p>\u9069\u5408\u5927\u591a\u657832\u201c-60\u201d\u5e73\u677f\u96fb\u8996 \u2022VESA\u6a19\u6e96\uff1a75\u00d775\uff0c100\u00d7100\uff0c100\u00d7200,200\u00d7200,200\u00d7400300 \u00d7400,400\u00d7400,600X400\uff08\u6700\u5927\uff09<\/p>","protected":false},"excerpt":{"rendered":"<ul>\n<li>\u56fa\u5b9a\u5f0f<\/li>\n<li>\u578b\u865f\uff1a SY-F600 \u6700\u5927\u627f\u91cd\uff1a 80\u516c\u65a4<\/li>\n<li>\u56fa\u5b9a\u6216\u50be\u659c\uff1a 0<\/li>\n<li>\u5b54\u578b\uff1a 600 *400\u6beb\u7c73<\/li>\n<li>\u9069\u5408\uff1a 32\u201c-63\u201d<\/li>\n<li>\u6750\u6599\uff1aSPCC\u8207\u5857\u6599\u6210\u54c1\u56fa\u5b9a\u5f0f<\/li>\n<li>\u627f\u91cd\u80fd\u529b80\u516c\u65a4<\/li>\n<li>\u984f\u8272\uff1a\u9ed1\u8272<\/li>\n<\/ul>","protected":false},"featured_media":19738,"template":"","meta":[],"product_cat":[197],"product_tag":[157],"class_list":{"0":"post-25310","1":"product","2":"type-product","3":"status-publish","4":"has-post-thumbnail","6":"product_cat-stand","7":"product_tag-157","9":"first","10":"instock","11":"shipping-taxable","12":"purchasable","13":"product-type-simple"},"_links":{"self":[{"href":"https:\/\/www.scecl.com\/en\/wp-json\/wp\/v2\/product\/25310","targetHints":{"allow":["GET"]}}],"collection":[{"href":"https:\/\/www.scecl.com\/en\/wp-json\/wp\/v2\/product"}],"about":[{"href":"https:\/\/www.scecl.com\/en\/wp-json\/wp\/v2\/types\/product"}],"version-history":[{"count":1,"href":"https:\/\/www.scecl.com\/en\/wp-json\/wp\/v2\/product\/25310\/revisions"}],"predecessor-version":[{"id":25340,"href":"https:\/\/www.scecl.com\/en\/wp-json\/wp\/v2\/product\/25310\/revisions\/25340"}],"wp:featuredmedia":[{"embeddable":true,"href":"https:\/\/www.scecl.com\/en\/wp-json\/wp\/v2\/media\/19738"}],"wp:attachment":[{"href":"https:\/\/www.scecl.com\/en\/wp-json\/wp\/v2\/media?parent=25310"}],"wp:term":[{"taxonomy":"product_cat","embeddable":true,"href":"https:\/\/www.scecl.com\/en\/wp-json\/wp\/v2\/product_cat?post=25310"},{"taxonomy":"product_tag","embeddable":true,"href":"https:\/\/www.scecl.com\/en\/wp-json\/wp\/v2\/product_tag?post=25310"}],"curies":[{"name":"wp","href":"https:\/\/api.w.org\/{rel}","templated":true}]}}